{"id":1516,"date":"2019-11-27T14:06:11","date_gmt":"2019-11-27T11:06:11","guid":{"rendered":"https:\/\/www.markkulepisto.com\/?page_id=1516"},"modified":"2025-04-14T13:47:08","modified_gmt":"2025-04-14T10:47:08","slug":"elementor-1516","status":"publish","type":"page","link":"https:\/\/www.markkulepisto.com\/?page_id=1516","title":{"rendered":"Markku Lepist\u00f6 Projects"},"content":{"rendered":"\t\t<div data-elementor-type=\"wp-page\" data-elementor-id=\"1516\" class=\"elementor elementor-1516\">\n\t\t\t\t\t\t<section class=\"elementor-section elementor-top-section elementor-element elementor-element-33b6d15 elementor-section-boxed elementor-section-height-default elementor-section-height-default\" data-id=\"33b6d15\" data-element_type=\"section\" data-e-type=\"section\">\n\t\t\t\t\t\t<div class=\"elementor-container elementor-column-gap-default\">\n\t\t\t\t\t<div class=\"elementor-column elementor-col-100 elementor-top-column elementor-element elementor-element-605f7b3\" data-id=\"605f7b3\" data-element_type=\"column\" data-e-type=\"column\">\n\t\t\t<div class=\"elementor-widget-wrap elementor-element-populated\">\n\t\t\t\t\t\t<div class=\"elementor-element elementor-element-818afbe elementor-widget elementor-widget-image\" data-id=\"818afbe\" data-element_type=\"widget\" data-e-type=\"widget\" data-widget_type=\"image.default\">\n\t\t\t\t<div class=\"elementor-widget-container\">\n\t\t\t\t\t\t\t\t\t\t\t\t\t\t\t\t<a href=\"https:\/\/www.facebook.com\/HerttoniemestaSarestoniemeen\/\">\n\t\t\t\t\t\t\t<img fetchpriority=\"high\" decoding=\"async\" width=\"584\" height=\"329\" src=\"https:\/\/www.markkulepisto.com\/wp-content\/uploads\/2025\/04\/WhatsApp-Image-2025-01-30-at-09.46.36-768x432.jpeg\" class=\"attachment-medium_large size-medium_large wp-image-2581\" alt=\"\" srcset=\"https:\/\/www.markkulepisto.com\/wp-content\/uploads\/2025\/04\/WhatsApp-Image-2025-01-30-at-09.46.36-768x432.jpeg 768w, https:\/\/www.markkulepisto.com\/wp-content\/uploads\/2025\/04\/WhatsApp-Image-2025-01-30-at-09.46.36-300x169.jpeg 300w, https:\/\/www.markkulepisto.com\/wp-content\/uploads\/2025\/04\/WhatsApp-Image-2025-01-30-at-09.46.36-1024x577.jpeg 1024w, https:\/\/www.markkulepisto.com\/wp-content\/uploads\/2025\/04\/WhatsApp-Image-2025-01-30-at-09.46.36-1536x865.jpeg 1536w, https:\/\/www.markkulepisto.com\/wp-content\/uploads\/2025\/04\/WhatsApp-Image-2025-01-30-at-09.46.36-500x282.jpeg 500w, https:\/\/www.markkulepisto.com\/wp-content\/uploads\/2025\/04\/WhatsApp-Image-2025-01-30-at-09.46.36-107x60.jpeg 107w, https:\/\/www.markkulepisto.com\/wp-content\/uploads\/2025\/04\/WhatsApp-Image-2025-01-30-at-09.46.36-160x90.jpeg 160w, https:\/\/www.markkulepisto.com\/wp-content\/uploads\/2025\/04\/WhatsApp-Image-2025-01-30-at-09.46.36.jpeg 1600w\" sizes=\"(max-width: 584px) 100vw, 584px\" \/>\t\t\t\t\t\t\t\t<\/a>\n\t\t\t\t\t\t\t\t\t\t\t\t\t\t\t<\/div>\n\t\t\t\t<\/div>\n\t\t\t\t\t<\/div>\n\t\t<\/div>\n\t\t\t\t\t<\/div>\n\t\t<\/section>\n\t\t\t\t<section class=\"elementor-section elementor-top-section elementor-element elementor-element-ee7a9aa elementor-section-boxed elementor-section-height-default elementor-section-height-default\" data-id=\"ee7a9aa\" data-element_type=\"section\" data-e-type=\"section\">\n\t\t\t\t\t\t<div class=\"elementor-container elementor-column-gap-default\">\n\t\t\t\t\t<div class=\"elementor-column elementor-col-100 elementor-top-column elementor-element elementor-element-8ef41f0\" data-id=\"8ef41f0\" data-element_type=\"column\" data-e-type=\"column\">\n\t\t\t<div class=\"elementor-widget-wrap elementor-element-populated\">\n\t\t\t\t\t\t<div class=\"elementor-element elementor-element-592957d elementor-widget elementor-widget-heading\" data-id=\"592957d\" data-element_type=\"widget\" data-e-type=\"widget\" data-widget_type=\"heading.default\">\n\t\t\t\t<div class=\"elementor-widget-container\">\n\t\t\t\t\t<h1 class=\"elementor-heading-title elementor-size-default\">CURRENT\u00a0PROJECTS<\/h1>\t\t\t\t<\/div>\n\t\t\t\t<\/div>\n\t\t\t\t\t<\/div>\n\t\t<\/div>\n\t\t\t\t\t<\/div>\n\t\t<\/section>\n\t\t\t\t<section class=\"elementor-section elementor-top-section elementor-element elementor-element-b23c9d4 elementor-section-boxed elementor-section-height-default elementor-section-height-default\" data-id=\"b23c9d4\" data-element_type=\"section\" data-e-type=\"section\">\n\t\t\t\t\t\t<div class=\"elementor-container elementor-column-gap-default\">\n\t\t\t\t\t<div class=\"elementor-column elementor-col-50 elementor-top-column elementor-element elementor-element-755b733\" data-id=\"755b733\" data-element_type=\"column\" data-e-type=\"column\">\n\t\t\t<div class=\"elementor-widget-wrap elementor-element-populated\">\n\t\t\t\t\t\t<div class=\"elementor-element elementor-element-fd053ca elementor-widget elementor-widget-image\" data-id=\"fd053ca\" data-element_type=\"widget\" data-e-type=\"widget\" data-widget_type=\"image.default\">\n\t\t\t\t<div class=\"elementor-widget-container\">\n\t\t\t\t\t\t\t\t\t\t\t\t\t\t\t<img decoding=\"async\" src=\"https:\/\/www.markkulepisto.com\/wp-content\/uploads\/elementor\/thumbs\/DSC_8725_sepia_low-scaled-om0mp9xqfrcuf709sr820bdo31rva9tp9pnc4vpoik.jpg\" title=\"DSC_8725_sepia_low\" alt=\"Markku Lepist\u00f6 &amp; Mikko Helenius. \u00a9 Jorma Airola.\" loading=\"lazy\" \/>\t\t\t\t\t\t\t\t\t\t\t\t\t\t\t<\/div>\n\t\t\t\t<\/div>\n\t\t\t\t<div class=\"elementor-element elementor-element-2473df6 elementor-widget elementor-widget-heading\" data-id=\"2473df6\" data-element_type=\"widget\" data-e-type=\"widget\" data-widget_type=\"heading.default\">\n\t\t\t\t<div class=\"elementor-widget-container\">\n\t\t\t\t\t<h2 class=\"elementor-heading-title elementor-size-default\"><a href=\"https:\/\/www.markkulepisto.com\/?page_id=876\">Markku Lepist\u00f6 &amp; Mikko Helenius<\/a><\/h2>\t\t\t\t<\/div>\n\t\t\t\t<\/div>\n\t\t\t\t\t<\/div>\n\t\t<\/div>\n\t\t\t\t<div class=\"elementor-column elementor-col-50 elementor-top-column elementor-element elementor-element-496026c\" data-id=\"496026c\" data-element_type=\"column\" data-e-type=\"column\">\n\t\t\t<div class=\"elementor-widget-wrap elementor-element-populated\">\n\t\t\t\t\t\t<div class=\"elementor-element elementor-element-c4a289d elementor-widget elementor-widget-image\" data-id=\"c4a289d\" data-element_type=\"widget\" data-e-type=\"widget\" data-widget_type=\"image.default\">\n\t\t\t\t<div class=\"elementor-widget-container\">\n\t\t\t\t\t\t\t\t\t\t\t\t\t\t\t\t<a href=\"https:\/\/www.markkulepisto.com\/?page_id=1975\">\n\t\t\t\t\t\t\t<img decoding=\"async\" src=\"https:\/\/www.markkulepisto.com\/wp-content\/uploads\/elementor\/thumbs\/10_DSR3845_press-scaled-p1s5hlvrwmtbvw49qa1s3cm9cqtpwax2xyfyiu6ezg.jpg\" title=\"10_DSR3845_press\" alt=\"10_DSR3845_press\" loading=\"lazy\" \/>\t\t\t\t\t\t\t\t<\/a>\n\t\t\t\t\t\t\t\t\t\t\t\t\t\t\t<\/div>\n\t\t\t\t<\/div>\n\t\t\t\t<div class=\"elementor-element elementor-element-5793133 elementor-widget elementor-widget-heading\" data-id=\"5793133\" data-element_type=\"widget\" data-e-type=\"widget\" data-widget_type=\"heading.default\">\n\t\t\t\t<div class=\"elementor-widget-container\">\n\t\t\t\t\t<h2 class=\"elementor-heading-title elementor-size-default\"><a href=\"https:\/\/www.markkulepisto.com\/?page_id=1975\">Markku Lepist\u00f6 &amp; Ilpo Laspas<\/a><\/h2>\t\t\t\t<\/div>\n\t\t\t\t<\/div>\n\t\t\t\t\t<\/div>\n\t\t<\/div>\n\t\t\t\t\t<\/div>\n\t\t<\/section>\n\t\t\t\t<section class=\"elementor-section elementor-top-section elementor-element elementor-element-83bf890 elementor-section-boxed elementor-section-height-default elementor-section-height-default\" data-id=\"83bf890\" data-element_type=\"section\" data-e-type=\"section\">\n\t\t\t\t\t\t<div class=\"elementor-container elementor-column-gap-default\">\n\t\t\t\t\t<div class=\"elementor-column elementor-col-50 elementor-top-column elementor-element elementor-element-a6e45b8\" data-id=\"a6e45b8\" data-element_type=\"column\" data-e-type=\"column\">\n\t\t\t<div class=\"elementor-widget-wrap elementor-element-populated\">\n\t\t\t\t\t\t<div class=\"elementor-element elementor-element-a3a663e elementor-widget elementor-widget-image\" data-id=\"a3a663e\" data-element_type=\"widget\" data-e-type=\"widget\" data-widget_type=\"image.default\">\n\t\t\t\t<div class=\"elementor-widget-container\">\n\t\t\t\t\t\t\t\t\t\t\t\t\t\t\t\t<a href=\"https:\/\/www.markkulepisto.com\/?page_id=270\">\n\t\t\t\t\t\t\t<img decoding=\"async\" src=\"https:\/\/www.markkulepisto.com\/wp-content\/uploads\/elementor\/thumbs\/SAMURAI2-44-scaled-qmxmcakgst45r91y0uzy78ps5asa1rguq35k3pngbg.jpg\" title=\"SAMURAI2-44\" alt=\"SAMURAI2-44\" loading=\"lazy\" \/>\t\t\t\t\t\t\t\t<\/a>\n\t\t\t\t\t\t\t\t\t\t\t\t\t\t\t<\/div>\n\t\t\t\t<\/div>\n\t\t\t\t<div class=\"elementor-element elementor-element-891a0c3 elementor-widget elementor-widget-heading\" data-id=\"891a0c3\" data-element_type=\"widget\" data-e-type=\"widget\" data-widget_type=\"heading.default\">\n\t\t\t\t<div class=\"elementor-widget-container\">\n\t\t\t\t\t<h2 class=\"elementor-heading-title elementor-size-default\"><a href=\"https:\/\/www.markkulepisto.com\/?page_id=270\">Samurai Accordion<\/a><\/h2>\t\t\t\t<\/div>\n\t\t\t\t<\/div>\n\t\t\t\t\t<\/div>\n\t\t<\/div>\n\t\t\t\t<div class=\"elementor-column elementor-col-50 elementor-top-column elementor-element elementor-element-e4064b1\" data-id=\"e4064b1\" data-element_type=\"column\" data-e-type=\"column\">\n\t\t\t<div class=\"elementor-widget-wrap elementor-element-populated\">\n\t\t\t\t\t\t<div class=\"elementor-element elementor-element-12baedf elementor-widget elementor-widget-image\" data-id=\"12baedf\" data-element_type=\"widget\" data-e-type=\"widget\" data-widget_type=\"image.default\">\n\t\t\t\t<div class=\"elementor-widget-container\">\n\t\t\t\t\t\t\t\t\t\t\t\t\t\t\t\t<a href=\"https:\/\/www.markkulepisto.com\/?page_id=880\">\n\t\t\t\t\t\t\t<img decoding=\"async\" src=\"https:\/\/www.markkulepisto.com\/wp-content\/uploads\/elementor\/thumbs\/Markku-Lepisto-1a_taysikokoinen-scaled-qmxh4tn9qche71d4ptqmwjs6yqsuuz83m73aczm5b0.jpg\" title=\"Markku Lepisto\u0308 1a_ta\u0308ysikokoinen\" alt=\"Markku Lepisto\u0308 1a_ta\u0308ysikokoinen\" loading=\"lazy\" \/>\t\t\t\t\t\t\t\t<\/a>\n\t\t\t\t\t\t\t\t\t\t\t\t\t\t\t<\/div>\n\t\t\t\t<\/div>\n\t\t\t\t<div class=\"elementor-element elementor-element-426e806 elementor-widget elementor-widget-heading\" data-id=\"426e806\" data-element_type=\"widget\" data-e-type=\"widget\" data-widget_type=\"heading.default\">\n\t\t\t\t<div class=\"elementor-widget-container\">\n\t\t\t\t\t<h2 class=\"elementor-heading-title elementor-size-default\"><a href=\"https:\/\/www.markkulepisto.com\/?page_id=880\">Markku Lepist\u00f6 SOLO<\/a><\/h2>\t\t\t\t<\/div>\n\t\t\t\t<\/div>\n\t\t\t\t\t<\/div>\n\t\t<\/div>\n\t\t\t\t\t<\/div>\n\t\t<\/section>\n\t\t\t\t<section class=\"elementor-section elementor-top-section elementor-element elementor-element-a8c6d68 elementor-section-boxed elementor-section-height-default elementor-section-height-default\" data-id=\"a8c6d68\" data-element_type=\"section\" data-e-type=\"section\">\n\t\t\t\t\t\t<div class=\"elementor-container elementor-column-gap-default\">\n\t\t\t\t\t<div class=\"elementor-column elementor-col-50 elementor-top-column elementor-element elementor-element-8b07a98\" data-id=\"8b07a98\" data-element_type=\"column\" data-e-type=\"column\">\n\t\t\t<div class=\"elementor-widget-wrap elementor-element-populated\">\n\t\t\t\t\t\t<div class=\"elementor-element elementor-element-ef10f08 elementor-widget elementor-widget-image\" data-id=\"ef10f08\" data-element_type=\"widget\" data-e-type=\"widget\" data-widget_type=\"image.default\">\n\t\t\t\t<div class=\"elementor-widget-container\">\n\t\t\t\t\t\t\t\t\t\t\t\t\t\t\t\t<a href=\"https:\/\/www.markkulepisto.com\/?page_id=268\">\n\t\t\t\t\t\t\t<img decoding=\"async\" src=\"https:\/\/www.markkulepisto.com\/wp-content\/uploads\/elementor\/thumbs\/L_L_bassosylissa-ksqujd6m9dcs7x34ztlhr6duf12tpkmnetuug5pduk.jpg\" title=\"Lepist\u00f6 &#038; Lehti\" alt=\"Lepist\u00f6 &amp; Lehti. \u00a9 Nauska.\" loading=\"lazy\" \/>\t\t\t\t\t\t\t\t<\/a>\n\t\t\t\t\t\t\t\t\t\t\t\t\t\t\t<\/div>\n\t\t\t\t<\/div>\n\t\t\t\t<div class=\"elementor-element elementor-element-a05a7b0 elementor-widget elementor-widget-heading\" data-id=\"a05a7b0\" data-element_type=\"widget\" data-e-type=\"widget\" data-widget_type=\"heading.default\">\n\t\t\t\t<div class=\"elementor-widget-container\">\n\t\t\t\t\t<h2 class=\"elementor-heading-title elementor-size-default\"><a href=\"https:\/\/www.markkulepisto.com\/?page_id=268\">Lepist\u00f6 &amp; Lehti<\/a><\/h2>\t\t\t\t<\/div>\n\t\t\t\t<\/div>\n\t\t\t\t\t<\/div>\n\t\t<\/div>\n\t\t\t\t<div class=\"elementor-column elementor-col-50 elementor-top-column elementor-element elementor-element-e8e43cd\" data-id=\"e8e43cd\" data-element_type=\"column\" data-e-type=\"column\">\n\t\t\t<div class=\"elementor-widget-wrap elementor-element-populated\">\n\t\t\t\t\t\t<div class=\"elementor-element elementor-element-8dd9ff0 elementor-widget elementor-widget-image\" data-id=\"8dd9ff0\" data-element_type=\"widget\" data-e-type=\"widget\" data-widget_type=\"image.default\">\n\t\t\t\t<div class=\"elementor-widget-container\">\n\t\t\t\t\t\t\t\t\t\t\t\t\t\t\t\t<a href=\"https:\/\/www.markkulepisto.com\/?page_id=276\">\n\t\t\t\t\t\t\t<img decoding=\"async\" src=\"https:\/\/www.markkulepisto.com\/wp-content\/uploads\/elementor\/thumbs\/MARKKU19_DUO_019_lieve-ohbzd9y9aw8qk97zejaja6tkbrmgfg0mak0klonxwc.jpg\" title=\"Markku_Petri\" alt=\"Petri Hakala &amp; Markku Lepist\u00f6. \u00a9 Lieve Boussauw.\" loading=\"lazy\" \/>\t\t\t\t\t\t\t\t<\/a>\n\t\t\t\t\t\t\t\t\t\t\t\t\t\t\t<\/div>\n\t\t\t\t<\/div>\n\t\t\t\t<div class=\"elementor-element elementor-element-5bc52e2 elementor-widget elementor-widget-heading\" data-id=\"5bc52e2\" data-element_type=\"widget\" data-e-type=\"widget\" data-widget_type=\"heading.default\">\n\t\t\t\t<div class=\"elementor-widget-container\">\n\t\t\t\t\t<h2 class=\"elementor-heading-title elementor-size-default\"><a href=\"https:\/\/www.markkulepisto.com\/?page_id=276\">Markku Lepist\u00f6 &amp; Petri Hakala<\/a><\/h2>\t\t\t\t<\/div>\n\t\t\t\t<\/div>\n\t\t\t\t\t<\/div>\n\t\t<\/div>\n\t\t\t\t\t<\/div>\n\t\t<\/section>\n\t\t\t\t<section class=\"elementor-section elementor-top-section elementor-element elementor-element-9121139 elementor-section-boxed elementor-section-height-default elementor-section-height-default\" data-id=\"9121139\" data-element_type=\"section\" data-e-type=\"section\">\n\t\t\t\t\t\t<div class=\"elementor-container elementor-column-gap-default\">\n\t\t\t\t\t<div class=\"elementor-column elementor-col-50 elementor-top-column elementor-element elementor-element-b0f34f6\" data-id=\"b0f34f6\" data-element_type=\"column\" data-e-type=\"column\">\n\t\t\t<div class=\"elementor-widget-wrap elementor-element-populated\">\n\t\t\t\t\t\t<div class=\"elementor-element elementor-element-b1b1538 elementor-widget elementor-widget-image\" data-id=\"b1b1538\" data-element_type=\"widget\" data-e-type=\"widget\" data-widget_type=\"image.default\">\n\t\t\t\t<div class=\"elementor-widget-container\">\n\t\t\t\t\t\t\t\t\t\t\t\t\t\t\t\t<a href=\"https:\/\/www.markkulepisto.com\/?page_id=714\">\n\t\t\t\t\t\t\t<img decoding=\"async\" src=\"https:\/\/www.markkulepisto.com\/wp-content\/uploads\/elementor\/thumbs\/Markku_Eva_crop_light-qmxfkj38fjf6vr4tfhqzkr6e809hvjqt7kkfof2xy4.jpg\" title=\"Markku_Eva_crop_light\" alt=\"Markku_Eva_crop_light\" loading=\"lazy\" \/>\t\t\t\t\t\t\t\t<\/a>\n\t\t\t\t\t\t\t\t\t\t\t\t\t\t\t<\/div>\n\t\t\t\t<\/div>\n\t\t\t\t<div class=\"elementor-element elementor-element-e39d3dc elementor-widget elementor-widget-heading\" data-id=\"e39d3dc\" data-element_type=\"widget\" data-e-type=\"widget\" data-widget_type=\"heading.default\">\n\t\t\t\t<div class=\"elementor-widget-container\">\n\t\t\t\t\t<h2 class=\"elementor-heading-title elementor-size-default\"><a href=\"https:\/\/www.markkulepisto.com\/?page_id=2379\">Markku Lepist\u00f6 &amp; Eva Jacob<\/a><\/h2>\t\t\t\t<\/div>\n\t\t\t\t<\/div>\n\t\t\t\t\t<\/div>\n\t\t<\/div>\n\t\t\t\t<div class=\"elementor-column elementor-col-50 elementor-top-column elementor-element elementor-element-07526f4\" data-id=\"07526f4\" data-element_type=\"column\" data-e-type=\"column\">\n\t\t\t<div class=\"elementor-widget-wrap elementor-element-populated\">\n\t\t\t\t\t\t<div class=\"elementor-element elementor-element-d8f7665 elementor-widget elementor-widget-image\" data-id=\"d8f7665\" data-element_type=\"widget\" data-e-type=\"widget\" data-widget_type=\"image.default\">\n\t\t\t\t<div class=\"elementor-widget-container\">\n\t\t\t\t\t\t\t\t\t\t\t\t\t\t\t\t<a href=\"https:\/\/www.markkulepisto.com\/?page_id=486\">\n\t\t\t\t\t\t\t<img decoding=\"async\" src=\"https:\/\/www.markkulepisto.com\/wp-content\/uploads\/elementor\/thumbs\/20160602_0021-Low-n0mdg9pq4mkdhh5bz58pl8cx0x9517hr4q9mvis57g.jpg\" title=\"20160602_0021-low\" alt=\"Markku Lepist\u00f6 Trio. \u00a9 Jaakko Paarvala\" loading=\"lazy\" \/>\t\t\t\t\t\t\t\t<\/a>\n\t\t\t\t\t\t\t\t\t\t\t\t\t\t\t<\/div>\n\t\t\t\t<\/div>\n\t\t\t\t<div class=\"elementor-element elementor-element-6e4c36a elementor-widget elementor-widget-heading\" data-id=\"6e4c36a\" data-element_type=\"widget\" data-e-type=\"widget\" data-widget_type=\"heading.default\">\n\t\t\t\t<div class=\"elementor-widget-container\">\n\t\t\t\t\t<h2 class=\"elementor-heading-title elementor-size-default\"><a href=\"https:\/\/www.markkulepisto.com\/?page_id=486\">Markku Lepist\u00f6 Trio<\/a><\/h2>\t\t\t\t<\/div>\n\t\t\t\t<\/div>\n\t\t\t\t\t<\/div>\n\t\t<\/div>\n\t\t\t\t\t<\/div>\n\t\t<\/section>\n\t\t\t\t<section class=\"elementor-section elementor-top-section elementor-element elementor-element-91166d2 elementor-section-boxed elementor-section-height-default elementor-section-height-default\" data-id=\"91166d2\" data-element_type=\"section\" data-e-type=\"section\">\n\t\t\t\t\t\t<div class=\"elementor-container elementor-column-gap-default\">\n\t\t\t\t\t<div class=\"elementor-column elementor-col-50 elementor-top-column elementor-element elementor-element-36d6f3f\" data-id=\"36d6f3f\" data-element_type=\"column\" data-e-type=\"column\">\n\t\t\t<div class=\"elementor-widget-wrap elementor-element-populated\">\n\t\t\t\t\t\t<div class=\"elementor-element elementor-element-0e149b6 elementor-widget elementor-widget-image\" data-id=\"0e149b6\" data-element_type=\"widget\" data-e-type=\"widget\" data-widget_type=\"image.default\">\n\t\t\t\t<div class=\"elementor-widget-container\">\n\t\t\t\t\t\t\t\t\t\t\t\t\t\t\t\t<a href=\"https:\/\/www.markkulepisto.com\/?page_id=274\">\n\t\t\t\t\t\t\t<img decoding=\"async\" src=\"https:\/\/www.markkulepisto.com\/wp-content\/uploads\/elementor\/thumbs\/HannuMarkkuSampo3922p-kt04wemdvr5lbsm54wcy3o78dg1gs6ud0n8lza9krg.jpg\" title=\"Doina Klezmer\" alt=\"Doina Klezmer. \u00a9 Maarit Kyt\u00f6harju\" loading=\"lazy\" \/>\t\t\t\t\t\t\t\t<\/a>\n\t\t\t\t\t\t\t\t\t\t\t\t\t\t\t<\/div>\n\t\t\t\t<\/div>\n\t\t\t\t<div class=\"elementor-element elementor-element-08dca2f elementor-widget elementor-widget-heading\" data-id=\"08dca2f\" data-element_type=\"widget\" data-e-type=\"widget\" data-widget_type=\"heading.default\">\n\t\t\t\t<div class=\"elementor-widget-container\">\n\t\t\t\t\t<h2 class=\"elementor-heading-title elementor-size-default\"><a href=\"https:\/\/www.markkulepisto.com\/?page_id=274\">Doina Klezmer<\/a><\/h2>\t\t\t\t<\/div>\n\t\t\t\t<\/div>\n\t\t\t\t\t<\/div>\n\t\t<\/div>\n\t\t\t\t<div class=\"elementor-column elementor-col-50 elementor-top-column elementor-element elementor-element-d02cdfc\" data-id=\"d02cdfc\" data-element_type=\"column\" data-e-type=\"column\">\n\t\t\t<div class=\"elementor-widget-wrap elementor-element-populated\">\n\t\t\t\t\t\t<div class=\"elementor-element elementor-element-5357381 elementor-widget elementor-widget-image\" data-id=\"5357381\" data-element_type=\"widget\" data-e-type=\"widget\" data-widget_type=\"image.default\">\n\t\t\t\t<div class=\"elementor-widget-container\">\n\t\t\t\t\t\t\t\t\t\t\t\t\t\t\t<img decoding=\"async\" src=\"https:\/\/www.markkulepisto.com\/wp-content\/uploads\/elementor\/thumbs\/SLNariShine1M_1-pi6brb1wnoamso0k96ol7nlk1f5edxq57ofazy6jq4.jpg\" title=\"SLNariShine1M_1\" alt=\"SLNariShine1M_1\" loading=\"lazy\" \/>\t\t\t\t\t\t\t\t\t\t\t\t\t\t\t<\/div>\n\t\t\t\t<\/div>\n\t\t\t\t<div class=\"elementor-element elementor-element-39ee7e9 elementor-widget elementor-widget-heading\" data-id=\"39ee7e9\" data-element_type=\"widget\" data-e-type=\"widget\" data-widget_type=\"heading.default\">\n\t\t\t\t<div class=\"elementor-widget-container\">\n\t\t\t\t\t<h2 class=\"elementor-heading-title elementor-size-default\"><a href=\"https:\/\/www.narinkka.com\/\">Sampo Lassila Narinkka<\/a><\/h2>\t\t\t\t<\/div>\n\t\t\t\t<\/div>\n\t\t\t\t\t<\/div>\n\t\t<\/div>\n\t\t\t\t\t<\/div>\n\t\t<\/section>\n\t\t\t\t<\/div>\n\t\t","protected":false},"excerpt":{"rendered":"<p>CURRENT\u00a0PROJECTS Markku Lepist\u00f6 &amp; Mikko Helenius Markku Lepist\u00f6 &amp; Ilpo Laspas Samurai Accordion Markku Lepist\u00f6 SOLO Lepist\u00f6 &amp; Lehti Markku Lepist\u00f6 &amp; Petri Hakala Markku Lepist\u00f6 &amp; Eva Jacob Markku Lepist\u00f6 Trio Doina Klezmer Sampo Lassila Narinkka<\/p>\n","protected":false},"author":1,"featured_media":0,"parent":0,"menu_order":0,"comment_status":"closed","ping_status":"closed","template":"sidebar-page.php","meta":{"footnotes":""},"class_list":["post-1516","page","type-page","status-publish","hentry"],"_links":{"self":[{"href":"https:\/\/www.markkulepisto.com\/index.php?rest_route=\/wp\/v2\/pages\/1516","targetHints":{"allow":["GET"]}}],"collection":[{"href":"https:\/\/www.markkulepisto.com\/index.php?rest_route=\/wp\/v2\/pages"}],"about":[{"href":"https:\/\/www.markkulepisto.com\/index.php?rest_route=\/wp\/v2\/types\/page"}],"author":[{"embeddable":true,"href":"https:\/\/www.markkulepisto.com\/index.php?rest_route=\/wp\/v2\/users\/1"}],"replies":[{"embeddable":true,"href":"https:\/\/www.markkulepisto.com\/index.php?rest_route=%2Fwp%2Fv2%2Fcomments&post=1516"}],"version-history":[{"count":90,"href":"https:\/\/www.markkulepisto.com\/index.php?rest_route=\/wp\/v2\/pages\/1516\/revisions"}],"predecessor-version":[{"id":2587,"href":"https:\/\/www.markkulepisto.com\/index.php?rest_route=\/wp\/v2\/pages\/1516\/revisions\/2587"}],"wp:attachment":[{"href":"https:\/\/www.markkulepisto.com\/index.php?rest_route=%2Fwp%2Fv2%2Fmedia&parent=1516"}],"curies":[{"name":"wp","href":"https:\/\/api.w.org\/{rel}","templated":true}]}}