{"id":46,"date":"2012-01-26T12:40:19","date_gmt":"2012-01-26T10:40:19","guid":{"rendered":"http:\/\/kulttuuri.pirko.fi\/opiskelijat\/virsoi\/markkulepisto\/?page_id=46"},"modified":"2019-11-27T16:13:59","modified_gmt":"2019-11-27T13:13:59","slug":"contacts","status":"publish","type":"page","link":"https:\/\/www.markkulepisto.com\/?page_id=46","title":{"rendered":"Contact"},"content":{"rendered":"<p><a href=\"http:\/\/www.markkulepisto.com\/wp-content\/uploads\/2018\/06\/P1000393.jpg\"><img fetchpriority=\"high\" decoding=\"async\" class=\" wp-image-891 alignleft\" src=\"http:\/\/www.markkulepisto.com\/wp-content\/uploads\/2018\/06\/P1000393.jpg\" alt=\"\" width=\"594\" height=\"501\" srcset=\"https:\/\/www.markkulepisto.com\/wp-content\/uploads\/2018\/06\/P1000393.jpg 3169w, https:\/\/www.markkulepisto.com\/wp-content\/uploads\/2018\/06\/P1000393-300x252.jpg 300w, https:\/\/www.markkulepisto.com\/wp-content\/uploads\/2018\/06\/P1000393-768x646.jpg 768w, https:\/\/www.markkulepisto.com\/wp-content\/uploads\/2018\/06\/P1000393-357x300.jpg 357w\" sizes=\"(max-width: 594px) 100vw, 594px\" \/><\/a><\/p>\n<p><strong>Markku Lepist\u00f6<\/strong><br \/>\nTel: +358 400 414 202<br \/>\n<a href=\"mailto:markku@markkulepisto.com\">markku@markkulepisto.com<\/a><\/p>\n<p><a href=\"http:\/\/thesamurai.jimdo.com\/\" target=\"_blank\" rel=\"noopener noreferrer\"><strong>Accordion Samurai<\/strong><\/a><br \/>\n<strong><a href=\"http:\/\/www.fragan.be\/\" target=\"_blank\" rel=\"noopener noreferrer\">Fragan<\/a><\/strong><br \/>\nFr\u00e9d\u00e9rique Dawans<br \/>\n+32 477 259 678<br \/>\n<a href=\"mailto:prod@fragan.be\">prod@fragan.be<\/a><br \/>\nwww.fragan.be<\/p>\n<p>&nbsp;<\/p>\n","protected":false},"excerpt":{"rendered":"<p>Markku Lepist\u00f6 Tel: +358 400 414 202 markku@markkulepisto.com Accordion Samurai Fragan Fr\u00e9d\u00e9rique Dawans +32 477 259 678 prod@fragan.be www.fragan.be &nbsp;<\/p>\n","protected":false},"author":1,"featured_media":0,"parent":0,"menu_order":0,"comment_status":"open","ping_status":"open","template":"","meta":{"footnotes":""},"class_list":["post-46","page","type-page","status-publish","hentry"],"_links":{"self":[{"href":"https:\/\/www.markkulepisto.com\/index.php?rest_route=\/wp\/v2\/pages\/46","targetHints":{"allow":["GET"]}}],"collection":[{"href":"https:\/\/www.markkulepisto.com\/index.php?rest_route=\/wp\/v2\/pages"}],"about":[{"href":"https:\/\/www.markkulepisto.com\/index.php?rest_route=\/wp\/v2\/types\/page"}],"author":[{"embeddable":true,"href":"https:\/\/www.markkulepisto.com\/index.php?rest_route=\/wp\/v2\/users\/1"}],"replies":[{"embeddable":true,"href":"https:\/\/www.markkulepisto.com\/index.php?rest_route=%2Fwp%2Fv2%2Fcomments&post=46"}],"version-history":[{"count":17,"href":"https:\/\/www.markkulepisto.com\/index.php?rest_route=\/wp\/v2\/pages\/46\/revisions"}],"predecessor-version":[{"id":1556,"href":"https:\/\/www.markkulepisto.com\/index.php?rest_route=\/wp\/v2\/pages\/46\/revisions\/1556"}],"wp:attachment":[{"href":"https:\/\/www.markkulepisto.com\/index.php?rest_route=%2Fwp%2Fv2%2Fmedia&parent=46"}],"curies":[{"name":"wp","href":"https:\/\/api.w.org\/{rel}","templated":true}]}}