{"id":1015,"date":"2019-02-19T19:46:21","date_gmt":"2019-02-19T16:46:21","guid":{"rendered":"http:\/\/www.markkulepisto.com\/?post_type=product&#038;p=1015"},"modified":"2025-05-04T08:28:46","modified_gmt":"2025-05-04T05:28:46","slug":"markku-lepisto-mikko-helenius-bellows-and-pipes","status":"publish","type":"product","link":"https:\/\/www.markkulepisto.com\/?product=markku-lepisto-mikko-helenius-bellows-and-pipes","title":{"rendered":"Markku Lepist\u00f6 &#038; Mikko Helenius: Bellows and Pipes"},"content":{"rendered":"<h1>Track list:<\/h1>\n<p>1. Himlens polska\u00a0 7.41<br \/>\n2. Lakeuden risti 6.43<\/p>\n<h1>Suite for Accordion and Organ<\/h1>\n<p>3. Overture 3.39<br \/>\n4. First Waltz 3.14<br \/>\n5. Choral 3.24<br \/>\n6. Second Waltz 3.45<br \/>\n7. Promise 4.03<br \/>\n8. Finale 3.18<\/p>\n<p>9. Gammal f\u00e4bodpsalm fr\u00e5n Dalarna 4.43<br \/>\n10. Rukous 4.57<br \/>\n11. Sen suven suloisuutta 6.07<\/p>\n<p><strong>Markku Lepist\u00f6 &#8211; Diatonic accordion<\/strong><br \/>\n<strong>Mikko Helenius &#8211; Organ<\/strong><\/p>\n<p><iframe title=\"Markku Lepist\u00f6 &amp; Mikko Helenius: Gammal f\u00e4bodpsalm fr\u00e5n Dalarna\" width=\"584\" height=\"329\" src=\"https:\/\/www.youtube.com\/embed\/cbQRMirY5k0?feature=oembed\" frameborder=\"0\" allow=\"accelerometer; autoplay; clipboard-write; encrypted-media; gyroscope; picture-in-picture; web-share\" referrerpolicy=\"strict-origin-when-cross-origin\" allowfullscreen><\/iframe><\/p>\n","protected":false},"excerpt":{"rendered":"<p>Format: CD<br \/>\nRelease date: Jan 25, 2019 <a href=\"https:\/\/www.markkulepisto.com\/?product=markku-lepisto-mikko-helenius-bellows-and-pipes\">Continue reading <span class=\"meta-nav\">&rarr;<\/span><\/a><\/p>\n","protected":false},"featured_media":935,"comment_status":"open","ping_status":"closed","template":"","meta":[],"product_brand":[],"product_cat":[25],"product_tag":[27],"class_list":{"0":"post-1015","1":"product","2":"type-product","3":"status-publish","4":"has-post-thumbnail","6":"product_cat-cds","7":"product_tag-bellows-and-pipes","8":"product_shipping_class-light-shipping","10":"first","11":"instock","12":"taxable","13":"shipping-taxable","14":"purchasable","15":"product-type-simple"},"_links":{"self":[{"href":"https:\/\/www.markkulepisto.com\/index.php?rest_route=\/wp\/v2\/product\/1015","targetHints":{"allow":["GET"]}}],"collection":[{"href":"https:\/\/www.markkulepisto.com\/index.php?rest_route=\/wp\/v2\/product"}],"about":[{"href":"https:\/\/www.markkulepisto.com\/index.php?rest_route=\/wp\/v2\/types\/product"}],"replies":[{"embeddable":true,"href":"https:\/\/www.markkulepisto.com\/index.php?rest_route=%2Fwp%2Fv2%2Fcomments&post=1015"}],"version-history":[{"count":2,"href":"https:\/\/www.markkulepisto.com\/index.php?rest_route=\/wp\/v2\/product\/1015\/revisions"}],"predecessor-version":[{"id":1297,"href":"https:\/\/www.markkulepisto.com\/index.php?rest_route=\/wp\/v2\/product\/1015\/revisions\/1297"}],"wp:featuredmedia":[{"embeddable":true,"href":"https:\/\/www.markkulepisto.com\/index.php?rest_route=\/wp\/v2\/media\/935"}],"wp:attachment":[{"href":"https:\/\/www.markkulepisto.com\/index.php?rest_route=%2Fwp%2Fv2%2Fmedia&parent=1015"}],"wp:term":[{"taxonomy":"product_brand","embeddable":true,"href":"https:\/\/www.markkulepisto.com\/index.php?rest_route=%2Fwp%2Fv2%2Fproduct_brand&post=1015"},{"taxonomy":"product_cat","embeddable":true,"href":"https:\/\/www.markkulepisto.com\/index.php?rest_route=%2Fwp%2Fv2%2Fproduct_cat&post=1015"},{"taxonomy":"product_tag","embeddable":true,"href":"https:\/\/www.markkulepisto.com\/index.php?rest_route=%2Fwp%2Fv2%2Fproduct_tag&post=1015"}],"curies":[{"name":"wp","href":"https:\/\/api.w.org\/{rel}","templated":true}]}}