{"id":1038,"date":"2019-02-19T22:00:56","date_gmt":"2019-02-19T19:00:56","guid":{"rendered":"http:\/\/www.markkulepisto.com\/?post_type=product&#038;p=1038"},"modified":"2025-05-04T08:28:26","modified_gmt":"2025-05-04T05:28:26","slug":"markku-lepisto-trio-new-voices","status":"publish","type":"product","link":"https:\/\/www.markkulepisto.com\/?product=markku-lepisto-trio-new-voices","title":{"rendered":"Markku Lepist\u00f6: New Voices"},"content":{"rendered":"<p>Track list:<\/p>\n<ol>\n<li>Introitus<\/li>\n<li>La valse \u00e1 Silia<\/li>\n<li>Aamunkoi | Dawn<\/li>\n<li>Single Row Tango<\/li>\n<li>Finn air<\/li>\n<li>Minor Reel<\/li>\n<li>Valssi viidelle | Waltz for Five<\/li>\n<li>Rapusaaren polska<\/li>\n<li>Finisterre<\/li>\n<li>Mets\u00e4kansan kellot | Bells of Mets\u00e4kansa<\/li>\n<\/ol>\n<p>Markku Lepist\u00f6: Single row accordion<br \/>\nMilla Viljamaa: Piano<br \/>\nPetri Hakala: Mandolins<\/p>\n<p><iframe title=\"Markku Lepist\u00f6 - La Valse \u00e1 Silia (Lepist\u00f6)\" width=\"584\" height=\"438\" src=\"https:\/\/www.youtube.com\/embed\/Xv7N6akvLNY?feature=oembed\" frameborder=\"0\" allow=\"accelerometer; autoplay; clipboard-write; encrypted-media; gyroscope; picture-in-picture; web-share\" referrerpolicy=\"strict-origin-when-cross-origin\" allowfullscreen><\/iframe><\/p>\n","protected":false},"excerpt":{"rendered":"<p>Format: CD<\/p>\n<p>Release date: 23.09.2016 <a href=\"https:\/\/www.markkulepisto.com\/?product=markku-lepisto-trio-new-voices\">Continue reading <span class=\"meta-nav\">&rarr;<\/span><\/a><\/p>\n","protected":false},"featured_media":922,"comment_status":"open","ping_status":"closed","template":"","meta":[],"product_brand":[],"product_cat":[25],"product_tag":[],"class_list":{"0":"post-1038","1":"product","2":"type-product","3":"status-publish","4":"has-post-thumbnail","6":"product_cat-cds","7":"product_shipping_class-light-shipping","9":"first","10":"instock","11":"taxable","12":"shipping-taxable","13":"purchasable","14":"product-type-simple"},"_links":{"self":[{"href":"https:\/\/www.markkulepisto.com\/index.php?rest_route=\/wp\/v2\/product\/1038","targetHints":{"allow":["GET"]}}],"collection":[{"href":"https:\/\/www.markkulepisto.com\/index.php?rest_route=\/wp\/v2\/product"}],"about":[{"href":"https:\/\/www.markkulepisto.com\/index.php?rest_route=\/wp\/v2\/types\/product"}],"replies":[{"embeddable":true,"href":"https:\/\/www.markkulepisto.com\/index.php?rest_route=%2Fwp%2Fv2%2Fcomments&post=1038"}],"version-history":[{"count":2,"href":"https:\/\/www.markkulepisto.com\/index.php?rest_route=\/wp\/v2\/product\/1038\/revisions"}],"predecessor-version":[{"id":1795,"href":"https:\/\/www.markkulepisto.com\/index.php?rest_route=\/wp\/v2\/product\/1038\/revisions\/1795"}],"wp:featuredmedia":[{"embeddable":true,"href":"https:\/\/www.markkulepisto.com\/index.php?rest_route=\/wp\/v2\/media\/922"}],"wp:attachment":[{"href":"https:\/\/www.markkulepisto.com\/index.php?rest_route=%2Fwp%2Fv2%2Fmedia&parent=1038"}],"wp:term":[{"taxonomy":"product_brand","embeddable":true,"href":"https:\/\/www.markkulepisto.com\/index.php?rest_route=%2Fwp%2Fv2%2Fproduct_brand&post=1038"},{"taxonomy":"product_cat","embeddable":true,"href":"https:\/\/www.markkulepisto.com\/index.php?rest_route=%2Fwp%2Fv2%2Fproduct_cat&post=1038"},{"taxonomy":"product_tag","embeddable":true,"href":"https:\/\/www.markkulepisto.com\/index.php?rest_route=%2Fwp%2Fv2%2Fproduct_tag&post=1038"}],"curies":[{"name":"wp","href":"https:\/\/api.w.org\/{rel}","templated":true}]}}