{"id":1621,"date":"2020-01-11T23:02:47","date_gmt":"2020-01-11T20:02:47","guid":{"rendered":"https:\/\/www.markkulepisto.com\/?post_type=product&#038;p=1621"},"modified":"2025-05-04T08:26:50","modified_gmt":"2025-05-04T05:26:50","slug":"petri-hakala-markku-lepisto-nordic-route","status":"publish","type":"product","link":"https:\/\/www.markkulepisto.com\/?product=petri-hakala-markku-lepisto-nordic-route","title":{"rendered":"Petri Hakala &#038; Markku Lepist\u00f6: Nordic Route"},"content":{"rendered":"<p><strong>Track list:<\/strong><\/p>\n<ol>\n<li>Kipin\u00e4 &#8211; reel &#8211;<\/li>\n<li>Sateen j\u00e4lkeen &#8211; waltz &#8211;<\/li>\n<li>Montmagny &#8211; reel &#8211;<\/li>\n<li>Rapusaari &#8211; schottish &#8211;<\/li>\n<li>Hetken ep\u00e4r\u00f6inti &#8211; tango &#8211;<\/li>\n<li>Kilsanm\u00e4ki &#8211; schottish &#8211;<\/li>\n<li>Degerby &#8211; polska &#8211;<\/li>\n<li>Pickwick &#8211; jig &#8211;<\/li>\n<li>Rantatie &#8211; waltz &#8211;<\/li>\n<li>Punta Secca &#8211; milonga &#8211;<\/li>\n<li>Kaipaus &#8211; ballad &#8211;<\/li>\n<\/ol>\n<p><iframe title=\"Petri Hakala &amp; Markku Lepist\u00f6: Kilsanm\u00e4ki - schottish - (Lepist\u00f6)\" width=\"584\" height=\"329\" src=\"https:\/\/www.youtube.com\/embed\/GPkSB9Qp3Qc?feature=oembed\" frameborder=\"0\" allow=\"accelerometer; autoplay; clipboard-write; encrypted-media; gyroscope; picture-in-picture; web-share\" referrerpolicy=\"strict-origin-when-cross-origin\" allowfullscreen><\/iframe><\/p>\n","protected":false},"excerpt":{"rendered":"<p>Format: CD<br \/>\nRelease date: Jan 11, 2020 <a href=\"https:\/\/www.markkulepisto.com\/?product=petri-hakala-markku-lepisto-nordic-route\">Continue reading <span class=\"meta-nav\">&rarr;<\/span><\/a><\/p>\n","protected":false},"featured_media":1654,"comment_status":"open","ping_status":"closed","template":"","meta":[],"product_brand":[],"product_cat":[25],"product_tag":[],"class_list":{"0":"post-1621","1":"product","2":"type-product","3":"status-publish","4":"has-post-thumbnail","6":"product_cat-cds","7":"product_shipping_class-light-shipping","9":"first","10":"instock","11":"taxable","12":"shipping-taxable","13":"purchasable","14":"product-type-simple"},"_links":{"self":[{"href":"https:\/\/www.markkulepisto.com\/index.php?rest_route=\/wp\/v2\/product\/1621","targetHints":{"allow":["GET"]}}],"collection":[{"href":"https:\/\/www.markkulepisto.com\/index.php?rest_route=\/wp\/v2\/product"}],"about":[{"href":"https:\/\/www.markkulepisto.com\/index.php?rest_route=\/wp\/v2\/types\/product"}],"replies":[{"embeddable":true,"href":"https:\/\/www.markkulepisto.com\/index.php?rest_route=%2Fwp%2Fv2%2Fcomments&post=1621"}],"version-history":[{"count":6,"href":"https:\/\/www.markkulepisto.com\/index.php?rest_route=\/wp\/v2\/product\/1621\/revisions"}],"predecessor-version":[{"id":1798,"href":"https:\/\/www.markkulepisto.com\/index.php?rest_route=\/wp\/v2\/product\/1621\/revisions\/1798"}],"wp:featuredmedia":[{"embeddable":true,"href":"https:\/\/www.markkulepisto.com\/index.php?rest_route=\/wp\/v2\/media\/1654"}],"wp:attachment":[{"href":"https:\/\/www.markkulepisto.com\/index.php?rest_route=%2Fwp%2Fv2%2Fmedia&parent=1621"}],"wp:term":[{"taxonomy":"product_brand","embeddable":true,"href":"https:\/\/www.markkulepisto.com\/index.php?rest_route=%2Fwp%2Fv2%2Fproduct_brand&post=1621"},{"taxonomy":"product_cat","embeddable":true,"href":"https:\/\/www.markkulepisto.com\/index.php?rest_route=%2Fwp%2Fv2%2Fproduct_cat&post=1621"},{"taxonomy":"product_tag","embeddable":true,"href":"https:\/\/www.markkulepisto.com\/index.php?rest_route=%2Fwp%2Fv2%2Fproduct_tag&post=1621"}],"curies":[{"name":"wp","href":"https:\/\/api.w.org\/{rel}","templated":true}]}}