{"id":1681,"date":"2020-01-17T16:33:13","date_gmt":"2020-01-17T13:33:13","guid":{"rendered":"https:\/\/www.markkulepisto.com\/?post_type=product&#038;p=1681"},"modified":"2025-05-04T08:26:38","modified_gmt":"2025-05-04T05:26:38","slug":"petri-hakala-markku-lepisto-pelimannien-jaljilla","status":"publish","type":"product","link":"https:\/\/www.markkulepisto.com\/?product=petri-hakala-markku-lepisto-pelimannien-jaljilla","title":{"rendered":"Petri Hakala &#038; Markku Lepist\u00f6: Pelimannien j\u00e4ljill\u00e4"},"content":{"rendered":"<p>Track list:<\/p>\n<p>1.Taklax<br \/>\n2. T\u00e4htipy\u00f6r\u00e4<br \/>\n3. Suksitehtaan sottiisi<br \/>\n4. Aarnio<br \/>\n5. M\u00e4kel\u00e4\u00e4nen ja Tallari<br \/>\n6. Einari<br \/>\n7. Kaukana l\u00e4nness\u00e4<br \/>\n8. Botnia<br \/>\n9. Haudanmaa ja Peli-Jussi<br \/>\n10. Paavokallion Martti<br \/>\n11. H\u00e4\u00e4polska<br \/>\n12. Korpiselk\u00e4<\/p>\n<p><iframe title=\"Petri Hakala &amp; Markku Lepist\u00f6 - Taklax polska (trad.)\" width=\"584\" height=\"438\" src=\"https:\/\/www.youtube.com\/embed\/frWqOTUw1DA?feature=oembed\" frameborder=\"0\" allow=\"accelerometer; autoplay; clipboard-write; encrypted-media; gyroscope; picture-in-picture; web-share\" referrerpolicy=\"strict-origin-when-cross-origin\" allowfullscreen><\/iframe><\/p>\n","protected":false},"excerpt":{"rendered":"<p>Format: CD<br \/>\nRelease year: 2001 <a href=\"https:\/\/www.markkulepisto.com\/?product=petri-hakala-markku-lepisto-pelimannien-jaljilla\">Continue reading <span class=\"meta-nav\">&rarr;<\/span><\/a><\/p>\n","protected":false},"featured_media":1683,"comment_status":"open","ping_status":"closed","template":"","meta":[],"product_brand":[],"product_cat":[25],"product_tag":[],"class_list":{"0":"post-1681","1":"product","2":"type-product","3":"status-publish","4":"has-post-thumbnail","6":"product_cat-cds","7":"product_shipping_class-light-shipping","9":"first","10":"instock","11":"taxable","12":"shipping-taxable","13":"purchasable","14":"product-type-simple"},"_links":{"self":[{"href":"https:\/\/www.markkulepisto.com\/index.php?rest_route=\/wp\/v2\/product\/1681","targetHints":{"allow":["GET"]}}],"collection":[{"href":"https:\/\/www.markkulepisto.com\/index.php?rest_route=\/wp\/v2\/product"}],"about":[{"href":"https:\/\/www.markkulepisto.com\/index.php?rest_route=\/wp\/v2\/types\/product"}],"replies":[{"embeddable":true,"href":"https:\/\/www.markkulepisto.com\/index.php?rest_route=%2Fwp%2Fv2%2Fcomments&post=1681"}],"version-history":[{"count":2,"href":"https:\/\/www.markkulepisto.com\/index.php?rest_route=\/wp\/v2\/product\/1681\/revisions"}],"predecessor-version":[{"id":1799,"href":"https:\/\/www.markkulepisto.com\/index.php?rest_route=\/wp\/v2\/product\/1681\/revisions\/1799"}],"wp:featuredmedia":[{"embeddable":true,"href":"https:\/\/www.markkulepisto.com\/index.php?rest_route=\/wp\/v2\/media\/1683"}],"wp:attachment":[{"href":"https:\/\/www.markkulepisto.com\/index.php?rest_route=%2Fwp%2Fv2%2Fmedia&parent=1681"}],"wp:term":[{"taxonomy":"product_brand","embeddable":true,"href":"https:\/\/www.markkulepisto.com\/index.php?rest_route=%2Fwp%2Fv2%2Fproduct_brand&post=1681"},{"taxonomy":"product_cat","embeddable":true,"href":"https:\/\/www.markkulepisto.com\/index.php?rest_route=%2Fwp%2Fv2%2Fproduct_cat&post=1681"},{"taxonomy":"product_tag","embeddable":true,"href":"https:\/\/www.markkulepisto.com\/index.php?rest_route=%2Fwp%2Fv2%2Fproduct_tag&post=1681"}],"curies":[{"name":"wp","href":"https:\/\/api.w.org\/{rel}","templated":true}]}}