{"id":1735,"date":"2020-03-25T14:33:09","date_gmt":"2020-03-25T11:33:09","guid":{"rendered":"https:\/\/www.markkulepisto.com\/?post_type=product&#038;p=1735"},"modified":"2025-05-04T08:25:54","modified_gmt":"2025-05-04T05:25:54","slug":"markku-lepisto-markkinarenkuttimesta-martin-pauliin","status":"publish","type":"product","link":"https:\/\/www.markkulepisto.com\/?product=markku-lepisto-markkinarenkuttimesta-martin-pauliin","title":{"rendered":"Markku Lepist\u00f6: Markkinarenkuttimesta Martin Pauliin"},"content":{"rendered":"<p>&#8220;Harmonikan historia Suomessa 1850\u20131900.&#8221;<\/p>\n<p>&#8220;The History of Accordion in Finland 1850\u20131900 (In Finnish. Abstract in English)<\/p>\n<p>Markku Lepist\u00f6 on taiteellisessa tohtorintutkinnossaan etsinyt ja tutkinut historiallista, 1800-luvulla harmonikalla esitetty\u00e4 populaarimusiikkia ja s\u00e4velt\u00e4nyt uutta musiikkia yli genrerajojen. Lepist\u00f6n kansanmusiikin alaan kuuluva tohtorintutkinto Harmonikan vapaat lehdyk\u00e4t \u2013 Diatoniset harmonikat historiallisen ja uuden musiikin instrumentteina tarkastettiin Taideyliopiston Sibelius-Akatemiassa 16. syyskuuta 2016.<\/p>\n<p>Kirjallisessa ty\u00f6ss\u00e4\u00e4n <em>Markkinarenkuttimesta Martin Pauliin. Harmonikka kansanvalistuksen ja populaarimusiikin Suomessa 1850\u20131900<\/em> Lepist\u00f6 selvitti harmonikan varhaishistoriaa Suomen suuriruhtinaskunnassa 1800-luvun j\u00e4lkipuoliskolla. H\u00e4n tarkasteli erityisesti harmonikan varhaisia myyntikanavia, harmonikkaa soittaneita varhaisia esiintyji\u00e4 sek\u00e4 soittimen arvostukseen liittyvi\u00e4 seikkoja. Avainhenkil\u00f6n\u00e4 t\u00e4ss\u00e4 ty\u00f6ss\u00e4 oli saksalais-tanskalais-suomalainen harmonikkataiteilija <strong>Martin Paul<\/strong> (1843\u20131893), joka loi Suomessa vuosina 1879\u20131893 merkitt\u00e4v\u00e4n uran sek\u00e4 esiintyv\u00e4n\u00e4 taiteilijana ett\u00e4 harmonikansoiton opettajana.<\/p>\n","protected":false},"excerpt":{"rendered":"<p>Format: Printed version<\/p>\n<p>Publisher: University of Arts Helsinki | Taideyliopiston Sibelius-Akatemia 2016. <a href=\"https:\/\/www.markkulepisto.com\/?product=markku-lepisto-markkinarenkuttimesta-martin-pauliin\">Continue reading <span class=\"meta-nav\">&rarr;<\/span><\/a><\/p>\n","protected":false},"featured_media":1738,"comment_status":"open","ping_status":"closed","template":"","meta":[],"product_brand":[],"product_cat":[26],"product_tag":[],"class_list":{"0":"post-1735","1":"product","2":"type-product","3":"status-publish","4":"has-post-thumbnail","6":"product_cat-books","7":"product_shipping_class-medium-shipping","9":"first","10":"instock","11":"taxable","12":"shipping-taxable","13":"purchasable","14":"product-type-simple"},"_links":{"self":[{"href":"https:\/\/www.markkulepisto.com\/index.php?rest_route=\/wp\/v2\/product\/1735","targetHints":{"allow":["GET"]}}],"collection":[{"href":"https:\/\/www.markkulepisto.com\/index.php?rest_route=\/wp\/v2\/product"}],"about":[{"href":"https:\/\/www.markkulepisto.com\/index.php?rest_route=\/wp\/v2\/types\/product"}],"replies":[{"embeddable":true,"href":"https:\/\/www.markkulepisto.com\/index.php?rest_route=%2Fwp%2Fv2%2Fcomments&post=1735"}],"version-history":[{"count":3,"href":"https:\/\/www.markkulepisto.com\/index.php?rest_route=\/wp\/v2\/product\/1735\/revisions"}],"predecessor-version":[{"id":1851,"href":"https:\/\/www.markkulepisto.com\/index.php?rest_route=\/wp\/v2\/product\/1735\/revisions\/1851"}],"wp:featuredmedia":[{"embeddable":true,"href":"https:\/\/www.markkulepisto.com\/index.php?rest_route=\/wp\/v2\/media\/1738"}],"wp:attachment":[{"href":"https:\/\/www.markkulepisto.com\/index.php?rest_route=%2Fwp%2Fv2%2Fmedia&parent=1735"}],"wp:term":[{"taxonomy":"product_brand","embeddable":true,"href":"https:\/\/www.markkulepisto.com\/index.php?rest_route=%2Fwp%2Fv2%2Fproduct_brand&post=1735"},{"taxonomy":"product_cat","embeddable":true,"href":"https:\/\/www.markkulepisto.com\/index.php?rest_route=%2Fwp%2Fv2%2Fproduct_cat&post=1735"},{"taxonomy":"product_tag","embeddable":true,"href":"https:\/\/www.markkulepisto.com\/index.php?rest_route=%2Fwp%2Fv2%2Fproduct_tag&post=1735"}],"curies":[{"name":"wp","href":"https:\/\/api.w.org\/{rel}","templated":true}]}}