{"id":1826,"date":"2020-05-08T13:34:56","date_gmt":"2020-05-08T10:34:56","guid":{"rendered":"https:\/\/www.markkulepisto.com\/?post_type=product&#038;p=1826"},"modified":"2025-05-04T08:25:17","modified_gmt":"2025-05-04T05:25:17","slug":"tupasoitto-sheet-music-book-original-cd","status":"publish","type":"product","link":"https:\/\/www.markkulepisto.com\/?product=tupasoitto-sheet-music-book-original-cd","title":{"rendered":"Tupasoitto (Sheet Music Book + CD)"},"content":{"rendered":"<p>Index | Sis\u00e4lt\u00f6<\/p>\n<p>Ketjupolkka<br \/>\nH\u00e4rm\u00e4n tappelupolkka<br \/>\nEuran polkka<br \/>\nKiikka-Iisakin polska<br \/>\nPelimanni-polska II<br \/>\nLindin menuetti<br \/>\nMollipolkkasikerm\u00e4<br \/>\nNotkian poijan polkka<br \/>\nKuortaneen polkka<br \/>\nPosetiivarin tyysk\u00e4<br \/>\nKuutin paapan valssi<br \/>\nRahapolska<br \/>\nMurnutespolska<br \/>\nMollipolkka<br \/>\nPolkka \u201dKarva Herkoolle\u201d<br \/>\nKotim\u00f6kin polkka<br \/>\nHiski-Iikoon polska<br \/>\nViimeinen valssi<\/p>\n<p><iframe title=\"Posetiivarin Tyysk\u00e4\" width=\"584\" height=\"438\" src=\"https:\/\/www.youtube.com\/embed\/dQch5wqlwXY?feature=oembed\" frameborder=\"0\" allow=\"accelerometer; autoplay; clipboard-write; encrypted-media; gyroscope; picture-in-picture; web-share\" referrerpolicy=\"strict-origin-when-cross-origin\" allowfullscreen><\/iframe><\/p>\n","protected":false},"excerpt":{"rendered":"<p>Format: Printed sheet music book + CD<\/p>\n<p>Buy the printed sheet music book and CD together and save 30%!<\/p>\n<p>Tupasoitto sheet music book contains all the music from the Markku Lepist\u00f6 album Tupasoitto (2009). Transcriptions and original manuscripts from Finnish master players incl. Tauno Aho, Urho Myllym\u00e4ki, Veikko Turja and Kustaa J\u00e4rvinen + Markku Lepist\u00f6. <a href=\"https:\/\/www.markkulepisto.com\/?product=tupasoitto-sheet-music-book-original-cd\">Continue reading <span class=\"meta-nav\">&rarr;<\/span><\/a><\/p>\n","protected":false},"featured_media":1830,"comment_status":"open","ping_status":"closed","template":"","meta":[],"product_brand":[],"product_cat":[25,26],"product_tag":[],"class_list":{"0":"post-1826","1":"product","2":"type-product","3":"status-publish","4":"has-post-thumbnail","6":"product_cat-cds","7":"product_cat-books","8":"product_shipping_class-medium-shipping","10":"first","11":"instock","12":"sale","13":"taxable","14":"shipping-taxable","15":"purchasable","16":"product-type-woosb"},"_links":{"self":[{"href":"https:\/\/www.markkulepisto.com\/index.php?rest_route=\/wp\/v2\/product\/1826","targetHints":{"allow":["GET"]}}],"collection":[{"href":"https:\/\/www.markkulepisto.com\/index.php?rest_route=\/wp\/v2\/product"}],"about":[{"href":"https:\/\/www.markkulepisto.com\/index.php?rest_route=\/wp\/v2\/types\/product"}],"replies":[{"embeddable":true,"href":"https:\/\/www.markkulepisto.com\/index.php?rest_route=%2Fwp%2Fv2%2Fcomments&post=1826"}],"version-history":[{"count":8,"href":"https:\/\/www.markkulepisto.com\/index.php?rest_route=\/wp\/v2\/product\/1826\/revisions"}],"predecessor-version":[{"id":1860,"href":"https:\/\/www.markkulepisto.com\/index.php?rest_route=\/wp\/v2\/product\/1826\/revisions\/1860"}],"wp:featuredmedia":[{"embeddable":true,"href":"https:\/\/www.markkulepisto.com\/index.php?rest_route=\/wp\/v2\/media\/1830"}],"wp:attachment":[{"href":"https:\/\/www.markkulepisto.com\/index.php?rest_route=%2Fwp%2Fv2%2Fmedia&parent=1826"}],"wp:term":[{"taxonomy":"product_brand","embeddable":true,"href":"https:\/\/www.markkulepisto.com\/index.php?rest_route=%2Fwp%2Fv2%2Fproduct_brand&post=1826"},{"taxonomy":"product_cat","embeddable":true,"href":"https:\/\/www.markkulepisto.com\/index.php?rest_route=%2Fwp%2Fv2%2Fproduct_cat&post=1826"},{"taxonomy":"product_tag","embeddable":true,"href":"https:\/\/www.markkulepisto.com\/index.php?rest_route=%2Fwp%2Fv2%2Fproduct_tag&post=1826"}],"curies":[{"name":"wp","href":"https:\/\/api.w.org\/{rel}","templated":true}]}}