{"id":1999,"date":"2021-02-01T21:30:49","date_gmt":"2021-02-01T18:30:49","guid":{"rendered":"https:\/\/www.markkulepisto.com\/?post_type=product&#038;p=1999"},"modified":"2025-05-04T09:22:37","modified_gmt":"2025-05-04T06:22:37","slug":"markku-lepisto-ilpo-laspas-european-soiree","status":"publish","type":"product","link":"https:\/\/www.markkulepisto.com\/?product=markku-lepisto-ilpo-laspas-european-soiree","title":{"rendered":"Markku Lepist\u00f6 &#038; Ilpo Laspas: European Soir\u00e9e"},"content":{"rendered":"<p>Markku Lepist\u00f6 &amp; Ilpo Laspas: European Soir\u00e9e<br \/>\n&#8211; 19th Century Classical Repertoire for Accordion &#8211;<\/p>\n<p><span style=\"font-size: 10pt;\">Track list:<\/span><\/p>\n<ol>\n<li><span style=\"font-size: 10pt;\">Allegro Vivace (G. Greggiati, 1842)<\/span><\/li>\n<li><span style=\"font-size: 10pt;\">Th\u00eame Vari\u00e9 Tr\u00e8s Brillant (L. Reisner, 1836)<\/span><\/li>\n<li><span style=\"font-size: 10pt;\">Andante (G. Greggiati, 1842)<\/span><\/li>\n<li><span style=\"font-size: 10pt;\">Britta Polka (H. C. Lumbye, 1864)<\/span><\/li>\n<li><span style=\"font-size: 10pt;\">March from the Opera Lucia di Lammermoor (G. Donizetti, 1835)<\/span><\/li>\n<li><span style=\"font-size: 10pt;\">Tema e Variazioni (G. Greggiati, 1840)<\/span><\/li>\n<li><span style=\"font-size: 10pt;\">The Arrival of the Queen of Sheba (G. F. H\u00e4ndel, 1749)<\/span><\/li>\n<li><span style=\"font-size: 10pt;\">Minuet from the Opera Berenice (G. F. H\u00e4ndel, 1737)<\/span><\/li>\n<li><span style=\"font-size: 10pt;\">Alla Hornpipe (G. F. H\u00e4ndel, 1717)<\/span><\/li>\n<li><span style=\"font-size: 10pt;\">Fantasy from the Opera Martha (F. Flotow, 1847)<\/span><\/li>\n<li><span style=\"font-size: 10pt;\">Hungarian Triumphal March (J. Gungl, 1849)<\/span><\/li>\n<li><span style=\"font-size: 10pt;\">Casta Diva from the Opera Norma (V. Bellini, 1831)<\/span><\/li>\n<\/ol>\n<p><span style=\"font-family: Open Sans; font-size: 10pt;\">Kokonaiskesto: | Total: 1.19.56 <\/span><\/p>\n<p><span style=\"font-family: Open Sans; font-size: 10pt;\">Markku Lepist\u00f6: 1- ja 3-riviset harmonikat | 1- and 3-row accordions <\/span><br \/>\n<span style=\"font-family: Open Sans; font-size: 10pt;\">Ilpo Laspas: piano, cembalo | Grand Piano, Harpsichord <\/span><\/p>\n<p><span style=\"font-family: Open Sans; font-size: 10pt;\">RAPU005 \u00a9 &amp; \u2117 Rapusaari Records 2021<\/span><\/p>\n<p><iframe title=\"Markku Lepist\u00f6 &amp; Ilpo Laspas: European Soir\u00e9e - New Album Out 12th Feb 2021\" width=\"584\" height=\"329\" src=\"https:\/\/www.youtube.com\/embed\/1b0xDYH2qOg?feature=oembed\" frameborder=\"0\" allow=\"accelerometer; autoplay; clipboard-write; encrypted-media; gyroscope; picture-in-picture; web-share\" referrerpolicy=\"strict-origin-when-cross-origin\" allowfullscreen><\/iframe><\/p>\n","protected":false},"excerpt":{"rendered":"<p>Format: CD<br \/>\nPackage: DVD digipak (incl. 16 p. booklet)<br \/>\nRelease date: Feb 12, 2020<\/p>\n<p>&nbsp; <a href=\"https:\/\/www.markkulepisto.com\/?product=markku-lepisto-ilpo-laspas-european-soiree\">Continue reading <span class=\"meta-nav\">&rarr;<\/span><\/a><\/p>\n","protected":false},"featured_media":2010,"comment_status":"open","ping_status":"closed","template":"","meta":[],"product_brand":[],"product_cat":[25],"product_tag":[],"class_list":{"0":"post-1999","1":"product","2":"type-product","3":"status-publish","4":"has-post-thumbnail","6":"product_cat-cds","7":"product_shipping_class-light-shipping","9":"first","10":"instock","11":"sale","12":"taxable","13":"shipping-taxable","14":"purchasable","15":"product-type-simple"},"_links":{"self":[{"href":"https:\/\/www.markkulepisto.com\/index.php?rest_route=\/wp\/v2\/product\/1999","targetHints":{"allow":["GET"]}}],"collection":[{"href":"https:\/\/www.markkulepisto.com\/index.php?rest_route=\/wp\/v2\/product"}],"about":[{"href":"https:\/\/www.markkulepisto.com\/index.php?rest_route=\/wp\/v2\/types\/product"}],"replies":[{"embeddable":true,"href":"https:\/\/www.markkulepisto.com\/index.php?rest_route=%2Fwp%2Fv2%2Fcomments&post=1999"}],"version-history":[{"count":14,"href":"https:\/\/www.markkulepisto.com\/index.php?rest_route=\/wp\/v2\/product\/1999\/revisions"}],"predecessor-version":[{"id":2015,"href":"https:\/\/www.markkulepisto.com\/index.php?rest_route=\/wp\/v2\/product\/1999\/revisions\/2015"}],"wp:featuredmedia":[{"embeddable":true,"href":"https:\/\/www.markkulepisto.com\/index.php?rest_route=\/wp\/v2\/media\/2010"}],"wp:attachment":[{"href":"https:\/\/www.markkulepisto.com\/index.php?rest_route=%2Fwp%2Fv2%2Fmedia&parent=1999"}],"wp:term":[{"taxonomy":"product_brand","embeddable":true,"href":"https:\/\/www.markkulepisto.com\/index.php?rest_route=%2Fwp%2Fv2%2Fproduct_brand&post=1999"},{"taxonomy":"product_cat","embeddable":true,"href":"https:\/\/www.markkulepisto.com\/index.php?rest_route=%2Fwp%2Fv2%2Fproduct_cat&post=1999"},{"taxonomy":"product_tag","embeddable":true,"href":"https:\/\/www.markkulepisto.com\/index.php?rest_route=%2Fwp%2Fv2%2Fproduct_tag&post=1999"}],"curies":[{"name":"wp","href":"https:\/\/api.w.org\/{rel}","templated":true}]}}