{"id":2062,"date":"2021-11-06T11:50:48","date_gmt":"2021-11-06T08:50:48","guid":{"rendered":"https:\/\/www.markkulepisto.com\/?post_type=product&#038;p=2062"},"modified":"2026-04-04T17:54:15","modified_gmt":"2026-04-04T14:54:15","slug":"lakeuden-kutsu-ohjelmistoa-kaksiriviselle","status":"publish","type":"product","link":"https:\/\/www.markkulepisto.com\/?product=lakeuden-kutsu-ohjelmistoa-kaksiriviselle","title":{"rendered":"Markku Lepist\u00f6: Lakeuden kutsu &#8211; ohjelmistoa kaksiriviselle"},"content":{"rendered":"<p><span style=\"font-size: 11pt; font-family: Open Sans;\">T\u00e4m\u00e4n Lakeuden kutsu -nuottivihkon kappalevalinnat pohjautuvat samannimiseen soololevyyn, joka julkaistiin syksyll\u00e4 2021. \u00c4\u00e4nitteell\u00e4 soitan kokoelman etel\u00e4pohjalaisen kaksirivisperinteen parhaita kappaleita, joita edesmenneet pelimannimestarit <strong>Tauno Aho, Samuel Elomaa, Aapeli Hautanen, Tauno Krossi, Iisakki ja Urho Myllym\u00e4ki, Sulo M\u00e4kel\u00e4, Lauri Peltokangas, Nestori Saarimaa, Eeli Tuomi, Veikko Turja<\/strong> ja <strong>Kalervo V\u00e4lim\u00e4ki<\/strong> soittivat. <\/span><\/p>\n<p>The song selections in this &#8220;Lakeuden kutsu&#8221; sheet music book are based on the solo album of the same name, which was released in the fall of 2021. On the recording, I play a collection of the best pieces from the South Ostrobothnian two-row accordion tradition, which were performed by the late master folk musicians <strong>Tauno Aho, Samuel Elomaa, Aapeli Hautanen, Tauno Krossi, Iisakki and Urho Myllym\u00e4ki, Sulo M\u00e4kel\u00e4, Lauri Peltokangas, Nestori Saarimaa, Eeli Tuomi, Veikko Turja, and Kalervo V\u00e4lim\u00e4ki<\/strong>.<\/p>\n<p><span style=\"font-family: Open Sans;\">Sis\u00e4lt\u00f6 | Index<br \/>\n<\/span><\/p>\n<p><span style=\"font-family: Open Sans;\">Napoleonin marssi \/ Mollipolkat Kuortaneelta \/ Remupolkka \/ Kyr\u00f6nmaanvalssi \/ Lakeuden kutsu \/ Hiskin Iikoon polskat \/ Mestarin polkka \/ M\u00e4kel\u00e4n Sulon mollipolkat \/ Satakielen valssi \/ Pelimannin viitonen \/ Riskun Sofian masurkka &#8211; Masurkka Kauhajoelta \/ Rintalan Heikin polska \/ Anjalan Sannan valssi \/ Mollipolkkasikerm\u00e4 \/ Hanuripolkka \/ Lasi-Santun sottiisi \/ Liljan valssi \/ Polkkaa Kuortaneelta \/ Saunapolkka \/ Haudanmaan polska \/ Laulurastaan valssi \/ Taunon mollipolkka \/ Aapelin sottiisi<\/span><\/p>\n","protected":false},"excerpt":{"rendered":"<p>Printed version | Printtiversio<br \/>\nFormat | Koko: (A4, 28 p.\/s. + cover|kannet) <a href=\"https:\/\/www.markkulepisto.com\/?product=lakeuden-kutsu-ohjelmistoa-kaksiriviselle\">Continue reading <span class=\"meta-nav\">&rarr;<\/span><\/a><\/p>\n","protected":false},"featured_media":2063,"comment_status":"open","ping_status":"closed","template":"","meta":[],"product_brand":[],"product_cat":[26],"product_tag":[],"class_list":{"0":"post-2062","1":"product","2":"type-product","3":"status-publish","4":"has-post-thumbnail","6":"product_cat-books","7":"product_shipping_class-medium-shipping","9":"first","10":"instock","11":"taxable","12":"shipping-taxable","13":"purchasable","14":"product-type-simple"},"_links":{"self":[{"href":"https:\/\/www.markkulepisto.com\/index.php?rest_route=\/wp\/v2\/product\/2062","targetHints":{"allow":["GET"]}}],"collection":[{"href":"https:\/\/www.markkulepisto.com\/index.php?rest_route=\/wp\/v2\/product"}],"about":[{"href":"https:\/\/www.markkulepisto.com\/index.php?rest_route=\/wp\/v2\/types\/product"}],"replies":[{"embeddable":true,"href":"https:\/\/www.markkulepisto.com\/index.php?rest_route=%2Fwp%2Fv2%2Fcomments&post=2062"}],"version-history":[{"count":7,"href":"https:\/\/www.markkulepisto.com\/index.php?rest_route=\/wp\/v2\/product\/2062\/revisions"}],"predecessor-version":[{"id":2500,"href":"https:\/\/www.markkulepisto.com\/index.php?rest_route=\/wp\/v2\/product\/2062\/revisions\/2500"}],"wp:featuredmedia":[{"embeddable":true,"href":"https:\/\/www.markkulepisto.com\/index.php?rest_route=\/wp\/v2\/media\/2063"}],"wp:attachment":[{"href":"https:\/\/www.markkulepisto.com\/index.php?rest_route=%2Fwp%2Fv2%2Fmedia&parent=2062"}],"wp:term":[{"taxonomy":"product_brand","embeddable":true,"href":"https:\/\/www.markkulepisto.com\/index.php?rest_route=%2Fwp%2Fv2%2Fproduct_brand&post=2062"},{"taxonomy":"product_cat","embeddable":true,"href":"https:\/\/www.markkulepisto.com\/index.php?rest_route=%2Fwp%2Fv2%2Fproduct_cat&post=2062"},{"taxonomy":"product_tag","embeddable":true,"href":"https:\/\/www.markkulepisto.com\/index.php?rest_route=%2Fwp%2Fv2%2Fproduct_tag&post=2062"}],"curies":[{"name":"wp","href":"https:\/\/api.w.org\/{rel}","templated":true}]}}